{"id":14,"date":"2025-10-09T14:00:53","date_gmt":"2025-10-09T14:00:53","guid":{"rendered":"https:\/\/xinsheng888sl.rkinformatika.online\/?page_id=14"},"modified":"2025-10-09T16:22:31","modified_gmt":"2025-10-09T16:22:31","slug":"productos","status":"publish","type":"page","link":"https:\/\/xinsheng888sl.com\/en\/productos\/","title":{"rendered":"Products"},"content":{"rendered":"<div data-elementor-type=\"wp-page\" data-elementor-id=\"14\" class=\"elementor elementor-14\" data-elementor-post-type=\"page\">\n\t\t\t\t<div class=\"elementor-element elementor-element-d28829f e-con-full e-flex e-con e-parent\" data-id=\"d28829f\" data-element_type=\"container\" data-e-type=\"container\" data-settings=\"{&quot;background_background&quot;:&quot;classic&quot;}\">\n\t\t<div class=\"elementor-element elementor-element-d5e8e6d e-con-full e-flex e-con e-child\" data-id=\"d5e8e6d\" data-element_type=\"container\" data-e-type=\"container\">\n\t\t\t\t<div class=\"elementor-element elementor-element-21754a4 elementor-invisible elementor-widget elementor-widget-heading\" data-id=\"21754a4\" data-element_type=\"widget\" data-e-type=\"widget\" data-settings=\"{&quot;_animation&quot;:&quot;fadeInRight&quot;}\" data-widget_type=\"heading.default\">\n\t\t\t\t\t<h2 class=\"elementor-heading-title elementor-size-default\">PRODUCTOS<\/h2>\t\t\t\t<\/div>\n\t\t\t\t<\/div>\n\t\t\t\t<\/div>\n\t\t<div class=\"elementor-element elementor-element-b24e015 e-flex e-con-boxed e-con e-parent\" data-id=\"b24e015\" data-element_type=\"container\" data-e-type=\"container\">\n\t\t\t\t\t<div class=\"e-con-inner\">\n\t\t<div class=\"elementor-element elementor-element-f6b516d e-con-full e-flex e-con e-child\" data-id=\"f6b516d\" data-element_type=\"container\" data-e-type=\"container\" data-settings=\"{&quot;background_background&quot;:&quot;classic&quot;}\">\n\t\t\t\t<div class=\"elementor-element elementor-element-b1f4cce elementor-widget elementor-widget-image\" data-id=\"b1f4cce\" data-element_type=\"widget\" data-e-type=\"widget\" data-widget_type=\"image.default\">\n\t\t\t\t\t\t\t\t\t\t\t\t\t\t\t<img fetchpriority=\"high\" decoding=\"async\" width=\"800\" height=\"520\" src=\"https:\/\/xinsheng888sl.com\/wp-content\/uploads\/2025\/10\/7978084-1024x665.jpg\" class=\"attachment-large size-large wp-image-178\" alt=\"\" srcset=\"https:\/\/xinsheng888sl.com\/wp-content\/uploads\/2025\/10\/7978084-1024x665.jpg 1024w, https:\/\/xinsheng888sl.com\/wp-content\/uploads\/2025\/10\/7978084-300x195.jpg 300w, https:\/\/xinsheng888sl.com\/wp-content\/uploads\/2025\/10\/7978084-768x499.jpg 768w, https:\/\/xinsheng888sl.com\/wp-content\/uploads\/2025\/10\/7978084-18x12.jpg 18w, https:\/\/xinsheng888sl.com\/wp-content\/uploads\/2025\/10\/7978084.jpg 1500w\" sizes=\"(max-width: 800px) 100vw, 800px\" \/>\t\t\t\t\t\t\t\t\t\t\t\t\t\t\t<\/div>\n\t\t\t\t<div class=\"elementor-element elementor-element-ccac0d1 elementor-widget elementor-widget-heading\" data-id=\"ccac0d1\" data-element_type=\"widget\" data-e-type=\"widget\" data-widget_type=\"heading.default\">\n\t\t\t\t\t<h2 class=\"elementor-heading-title elementor-size-default\">Hogar y cocina<\/h2>\t\t\t\t<\/div>\n\t\t\t\t<div class=\"elementor-element elementor-element-f583eb9 elementor-widget elementor-widget-text-editor\" data-id=\"f583eb9\" data-element_type=\"widget\" data-e-type=\"widget\" data-widget_type=\"text-editor.default\">\n\t\t\t\t\t\t\t\t\t<ul><li data-start=\"907\" data-end=\"963\"><p data-start=\"909\" data-end=\"963\">Art\u00edculos de limpieza, organizaci\u00f3n y almacenamiento<\/p><\/li><li data-start=\"964\" data-end=\"1007\"><p data-start=\"966\" data-end=\"1007\">Utensilios de cocina, vajillas y menaje<\/p><\/li><li data-start=\"1008\" data-end=\"1058\"><p data-start=\"1010\" data-end=\"1058\">Decoraci\u00f3n y accesorios para todos los estilos<\/p><\/li><\/ul>\t\t\t\t\t\t\t\t<\/div>\n\t\t\t\t<\/div>\n\t\t<div class=\"elementor-element elementor-element-eed01ba e-con-full e-flex e-con e-child\" data-id=\"eed01ba\" data-element_type=\"container\" data-e-type=\"container\" data-settings=\"{&quot;background_background&quot;:&quot;classic&quot;}\">\n\t\t\t\t<div class=\"elementor-element elementor-element-74e88a4 elementor-widget elementor-widget-image\" data-id=\"74e88a4\" data-element_type=\"widget\" data-e-type=\"widget\" data-widget_type=\"image.default\">\n\t\t\t\t\t\t\t\t\t\t\t\t\t\t\t<img decoding=\"async\" width=\"800\" height=\"534\" src=\"https:\/\/xinsheng888sl.com\/wp-content\/uploads\/2025\/10\/4703-1024x683.jpg\" class=\"attachment-large size-large wp-image-177\" alt=\"\" srcset=\"https:\/\/xinsheng888sl.com\/wp-content\/uploads\/2025\/10\/4703-1024x683.jpg 1024w, https:\/\/xinsheng888sl.com\/wp-content\/uploads\/2025\/10\/4703-300x200.jpg 300w, https:\/\/xinsheng888sl.com\/wp-content\/uploads\/2025\/10\/4703-768x512.jpg 768w, https:\/\/xinsheng888sl.com\/wp-content\/uploads\/2025\/10\/4703-18x12.jpg 18w, https:\/\/xinsheng888sl.com\/wp-content\/uploads\/2025\/10\/4703.jpg 1500w\" sizes=\"(max-width: 800px) 100vw, 800px\" \/>\t\t\t\t\t\t\t\t\t\t\t\t\t\t\t<\/div>\n\t\t\t\t<div class=\"elementor-element elementor-element-54cdda9 elementor-widget elementor-widget-heading\" data-id=\"54cdda9\" data-element_type=\"widget\" data-e-type=\"widget\" data-widget_type=\"heading.default\">\n\t\t\t\t\t<h2 class=\"elementor-heading-title elementor-size-default\">Cuidado personal y bienestar<\/h2>\t\t\t\t<\/div>\n\t\t\t\t<div class=\"elementor-element elementor-element-3a0e6b0 elementor-widget elementor-widget-text-editor\" data-id=\"3a0e6b0\" data-element_type=\"widget\" data-e-type=\"widget\" data-widget_type=\"text-editor.default\">\n\t\t\t\t\t\t\t\t\t<ul><li data-start=\"1098\" data-end=\"1132\"><p data-start=\"1100\" data-end=\"1132\">Productos de higiene y belleza<\/p><\/li><li data-start=\"1133\" data-end=\"1158\"><p data-start=\"1135\" data-end=\"1158\">Accesorios personales<\/p><\/li><li data-start=\"1159\" data-end=\"1189\"><p data-start=\"1161\" data-end=\"1189\">Peque\u00f1os electrodom\u00e9sticos<\/p><\/li><\/ul>\t\t\t\t\t\t\t\t<\/div>\n\t\t\t\t<\/div>\n\t\t<div class=\"elementor-element elementor-element-a6d6e79 e-con-full e-flex e-con e-child\" data-id=\"a6d6e79\" data-element_type=\"container\" data-e-type=\"container\" data-settings=\"{&quot;background_background&quot;:&quot;classic&quot;}\">\n\t\t\t\t<div class=\"elementor-element elementor-element-c53a5b5 elementor-widget elementor-widget-image\" data-id=\"c53a5b5\" data-element_type=\"widget\" data-e-type=\"widget\" data-widget_type=\"image.default\">\n\t\t\t\t\t\t\t\t\t\t\t\t\t\t\t<img decoding=\"async\" width=\"800\" height=\"534\" src=\"https:\/\/xinsheng888sl.com\/wp-content\/uploads\/2025\/10\/2149371270-1024x683.jpg\" class=\"attachment-large size-large wp-image-176\" alt=\"\" srcset=\"https:\/\/xinsheng888sl.com\/wp-content\/uploads\/2025\/10\/2149371270-1024x683.jpg 1024w, https:\/\/xinsheng888sl.com\/wp-content\/uploads\/2025\/10\/2149371270-300x200.jpg 300w, https:\/\/xinsheng888sl.com\/wp-content\/uploads\/2025\/10\/2149371270-768x513.jpg 768w, https:\/\/xinsheng888sl.com\/wp-content\/uploads\/2025\/10\/2149371270-18x12.jpg 18w, https:\/\/xinsheng888sl.com\/wp-content\/uploads\/2025\/10\/2149371270.jpg 1500w\" sizes=\"(max-width: 800px) 100vw, 800px\" \/>\t\t\t\t\t\t\t\t\t\t\t\t\t\t\t<\/div>\n\t\t\t\t<div class=\"elementor-element elementor-element-11bd3d1 elementor-widget elementor-widget-heading\" data-id=\"11bd3d1\" data-element_type=\"widget\" data-e-type=\"widget\" data-widget_type=\"heading.default\">\n\t\t\t\t\t<h2 class=\"elementor-heading-title elementor-size-default\">Papeler\u00eda y oficina<\/h2>\t\t\t\t<\/div>\n\t\t\t\t<div class=\"elementor-element elementor-element-c50c76e elementor-widget elementor-widget-text-editor\" data-id=\"c50c76e\" data-element_type=\"widget\" data-e-type=\"widget\" data-widget_type=\"text-editor.default\">\n\t\t\t\t\t\t\t\t\t<ul><li data-start=\"1220\" data-end=\"1256\"><p data-start=\"1222\" data-end=\"1256\">Material escolar y de escritorio<\/p><\/li><li data-start=\"1257\" data-end=\"1300\"><p data-start=\"1259\" data-end=\"1300\">Art\u00edculos para manualidades y bricolaje<\/p><\/li><li data-start=\"1301\" data-end=\"1346\"><p data-start=\"1303\" data-end=\"1346\">Suministros pr\u00e1cticos para casa u oficina<\/p><\/li><\/ul>\t\t\t\t\t\t\t\t<\/div>\n\t\t\t\t<\/div>\n\t\t\t\t\t<\/div>\n\t\t\t\t<\/div>\n\t\t<div class=\"elementor-element elementor-element-a7e02e0 e-con-full e-flex e-con e-parent\" data-id=\"a7e02e0\" data-element_type=\"container\" data-e-type=\"container\" data-settings=\"{&quot;background_background&quot;:&quot;classic&quot;}\">\n\t\t\t\t<div class=\"elementor-element elementor-element-0108a20 elementor-cta--skin-cover elementor-animated-content elementor-bg-transform elementor-bg-transform-zoom-in elementor-widget elementor-widget-call-to-action\" data-id=\"0108a20\" data-element_type=\"widget\" data-e-type=\"widget\" data-widget_type=\"call-to-action.default\">\n\t\t\t\t\t\t\t<div class=\"elementor-cta\">\n\t\t\t\t\t<div class=\"elementor-cta__bg-wrapper\">\n\t\t\t\t<div class=\"elementor-cta__bg elementor-bg\" style=\"background-image: url(https:\/\/xinsheng888sl.com\/wp-content\/uploads\/2025\/10\/17941649-1024x683.jpg);\" role=\"img\" aria-label=\"17941649\"><\/div>\n\t\t\t\t<div class=\"elementor-cta__bg-overlay\"><\/div>\n\t\t\t<\/div>\n\t\t\t\t\t\t\t<div class=\"elementor-cta__content\">\n\t\t\t\t\n\t\t\t\t\t\t\t\t\t<h2 class=\"elementor-cta__title elementor-cta__content-item elementor-content-item elementor-animated-item--grow\">\n\t\t\t\t\t\tEstamos aqu\u00ed para ayudarte. \u00a1Cont\u00e1ctanos!\t\t\t\t\t<\/h2>\n\t\t\t\t\n\t\t\t\t\t\t\t\t\t<div class=\"elementor-cta__description elementor-cta__content-item elementor-content-item elementor-animated-item--grow\">\n\t\t\t\t\t\tLa mejor atenci\u00f3n comienza con un buen contacto.\t\t\t\t\t<\/div>\n\t\t\t\t\n\t\t\t\t\t\t\t\t\t<div class=\"elementor-cta__button-wrapper elementor-cta__content-item elementor-content-item elementor-animated-item--grow\">\n\t\t\t\t\t<a class=\"elementor-cta__button elementor-button elementor-size-\" href=\"https:\/\/xinsheng888sl.com\/en\/contacto\/\">\n\t\t\t\t\t\tContact\t\t\t\t\t<\/a>\n\t\t\t\t\t<\/div>\n\t\t\t\t\t\t\t<\/div>\n\t\t\t\t\t\t<\/div>\n\t\t\t\t\t\t<\/div>\n\t\t\t\t<\/div>\n\t\t\t\t<\/div>","protected":false},"excerpt":{"rendered":"<p>PRODUCTOS Hogar y cocina Art\u00edculos de limpieza, organizaci\u00f3n y almacenamiento Utensilios de cocina, vajillas y menaje Decoraci\u00f3n y accesorios para todos los estilos Cuidado personal y bienestar Productos de higiene y belleza Accesorios personales Peque\u00f1os electrodom\u00e9sticos Papeler\u00eda y oficina Material escolar y de escritorio Art\u00edculos para manualidades y bricolaje Suministros pr\u00e1cticos para casa u oficina [&hellip;]<\/p>\n","protected":false},"author":1,"featured_media":0,"parent":0,"menu_order":0,"comment_status":"closed","ping_status":"closed","template":"elementor_canvas","meta":{"footnotes":""},"class_list":["post-14","page","type-page","status-publish","hentry"],"yoast_head":"<!-- This site is optimized with the Yoast SEO plugin v27.3 - https:\/\/yoast.com\/product\/yoast-seo-wordpress\/ -->\n<title>Productos - Xin Sheng Bazar<\/title>\n<meta name=\"robots\" content=\"index, follow, max-snippet:-1, max-image-preview:large, max-video-preview:-1\" \/>\n<link rel=\"canonical\" href=\"https:\/\/xinsheng888sl.com\/en\/productos\/\" \/>\n<meta property=\"og:locale\" content=\"en_GB\" \/>\n<meta property=\"og:type\" content=\"article\" \/>\n<meta property=\"og:title\" content=\"Productos - Xin Sheng Bazar\" \/>\n<meta property=\"og:description\" content=\"PRODUCTOS Hogar y cocina Art\u00edculos de limpieza, organizaci\u00f3n y almacenamiento Utensilios de cocina, vajillas y menaje Decoraci\u00f3n y accesorios para todos los estilos Cuidado personal y bienestar Productos de higiene y belleza Accesorios personales Peque\u00f1os electrodom\u00e9sticos Papeler\u00eda y oficina Material escolar y de escritorio Art\u00edculos para manualidades y bricolaje Suministros pr\u00e1cticos para casa u oficina [&hellip;]\" \/>\n<meta property=\"og:url\" content=\"https:\/\/xinsheng888sl.com\/en\/productos\/\" \/>\n<meta property=\"og:site_name\" content=\"Xin Sheng Bazar\" \/>\n<meta property=\"article:modified_time\" content=\"2025-10-09T16:22:31+00:00\" \/>\n<meta property=\"og:image\" content=\"https:\/\/xinsheng888sl.com\/wp-content\/uploads\/2025\/10\/7978084-1024x665.jpg\" \/>\n<meta name=\"twitter:card\" content=\"summary_large_image\" \/>\n<meta name=\"twitter:label1\" content=\"Estimated reading time\" \/>\n\t<meta name=\"twitter:data1\" content=\"1 minute\" \/>\n<script type=\"application\/ld+json\" class=\"yoast-schema-graph\">{\"@context\":\"https:\\\/\\\/schema.org\",\"@graph\":[{\"@type\":\"WebPage\",\"@id\":\"https:\\\/\\\/xinsheng888sl.com\\\/productos\\\/\",\"url\":\"https:\\\/\\\/xinsheng888sl.com\\\/productos\\\/\",\"name\":\"Productos - Xin Sheng Bazar\",\"isPartOf\":{\"@id\":\"https:\\\/\\\/xinsheng888sl.com\\\/#website\"},\"primaryImageOfPage\":{\"@id\":\"https:\\\/\\\/xinsheng888sl.com\\\/productos\\\/#primaryimage\"},\"image\":{\"@id\":\"https:\\\/\\\/xinsheng888sl.com\\\/productos\\\/#primaryimage\"},\"thumbnailUrl\":\"https:\\\/\\\/xinsheng888sl.com\\\/wp-content\\\/uploads\\\/2025\\\/10\\\/7978084-1024x665.jpg\",\"datePublished\":\"2025-10-09T14:00:53+00:00\",\"dateModified\":\"2025-10-09T16:22:31+00:00\",\"breadcrumb\":{\"@id\":\"https:\\\/\\\/xinsheng888sl.com\\\/productos\\\/#breadcrumb\"},\"inLanguage\":\"en-GB\",\"potentialAction\":[{\"@type\":\"ReadAction\",\"target\":[\"https:\\\/\\\/xinsheng888sl.com\\\/productos\\\/\"]}]},{\"@type\":\"ImageObject\",\"inLanguage\":\"en-GB\",\"@id\":\"https:\\\/\\\/xinsheng888sl.com\\\/productos\\\/#primaryimage\",\"url\":\"https:\\\/\\\/xinsheng888sl.com\\\/wp-content\\\/uploads\\\/2025\\\/10\\\/7978084-1024x665.jpg\",\"contentUrl\":\"https:\\\/\\\/xinsheng888sl.com\\\/wp-content\\\/uploads\\\/2025\\\/10\\\/7978084-1024x665.jpg\"},{\"@type\":\"BreadcrumbList\",\"@id\":\"https:\\\/\\\/xinsheng888sl.com\\\/productos\\\/#breadcrumb\",\"itemListElement\":[{\"@type\":\"ListItem\",\"position\":1,\"name\":\"Portada\",\"item\":\"https:\\\/\\\/xinsheng888sl.com\\\/\"},{\"@type\":\"ListItem\",\"position\":2,\"name\":\"Productos\"}]},{\"@type\":\"WebSite\",\"@id\":\"https:\\\/\\\/xinsheng888sl.com\\\/#website\",\"url\":\"https:\\\/\\\/xinsheng888sl.com\\\/\",\"name\":\"Xin Sheng Bazar\",\"description\":\"Bazar\",\"publisher\":{\"@id\":\"https:\\\/\\\/xinsheng888sl.com\\\/#organization\"},\"potentialAction\":[{\"@type\":\"SearchAction\",\"target\":{\"@type\":\"EntryPoint\",\"urlTemplate\":\"https:\\\/\\\/xinsheng888sl.com\\\/?s={search_term_string}\"},\"query-input\":{\"@type\":\"PropertyValueSpecification\",\"valueRequired\":true,\"valueName\":\"search_term_string\"}}],\"inLanguage\":\"en-GB\"},{\"@type\":\"Organization\",\"@id\":\"https:\\\/\\\/xinsheng888sl.com\\\/#organization\",\"name\":\"Xin Sheng Bazar\",\"url\":\"https:\\\/\\\/xinsheng888sl.com\\\/\",\"logo\":{\"@type\":\"ImageObject\",\"inLanguage\":\"en-GB\",\"@id\":\"https:\\\/\\\/xinsheng888sl.com\\\/#\\\/schema\\\/logo\\\/image\\\/\",\"url\":\"https:\\\/\\\/xinsheng888sl.com\\\/wp-content\\\/uploads\\\/2025\\\/10\\\/cropped-xinshengbazar202509_logoarriba.jpg\",\"contentUrl\":\"https:\\\/\\\/xinsheng888sl.com\\\/wp-content\\\/uploads\\\/2025\\\/10\\\/cropped-xinshengbazar202509_logoarriba.jpg\",\"width\":290,\"height\":176,\"caption\":\"Xin Sheng Bazar\"},\"image\":{\"@id\":\"https:\\\/\\\/xinsheng888sl.com\\\/#\\\/schema\\\/logo\\\/image\\\/\"}}]}<\/script>\n<!-- \/ Yoast SEO plugin. -->","yoast_head_json":{"title":"Productos - Xin Sheng Bazar","robots":{"index":"index","follow":"follow","max-snippet":"max-snippet:-1","max-image-preview":"max-image-preview:large","max-video-preview":"max-video-preview:-1"},"canonical":"https:\/\/xinsheng888sl.com\/en\/productos\/","og_locale":"en_GB","og_type":"article","og_title":"Productos - Xin Sheng Bazar","og_description":"PRODUCTOS Hogar y cocina Art\u00edculos de limpieza, organizaci\u00f3n y almacenamiento Utensilios de cocina, vajillas y menaje Decoraci\u00f3n y accesorios para todos los estilos Cuidado personal y bienestar Productos de higiene y belleza Accesorios personales Peque\u00f1os electrodom\u00e9sticos Papeler\u00eda y oficina Material escolar y de escritorio Art\u00edculos para manualidades y bricolaje Suministros pr\u00e1cticos para casa u oficina [&hellip;]","og_url":"https:\/\/xinsheng888sl.com\/en\/productos\/","og_site_name":"Xin Sheng Bazar","article_modified_time":"2025-10-09T16:22:31+00:00","og_image":[{"url":"https:\/\/xinsheng888sl.com\/wp-content\/uploads\/2025\/10\/7978084-1024x665.jpg","type":"","width":"","height":""}],"twitter_card":"summary_large_image","twitter_misc":{"Estimated reading time":"1 minute"},"schema":{"@context":"https:\/\/schema.org","@graph":[{"@type":"WebPage","@id":"https:\/\/xinsheng888sl.com\/productos\/","url":"https:\/\/xinsheng888sl.com\/productos\/","name":"Productos - Xin Sheng Bazar","isPartOf":{"@id":"https:\/\/xinsheng888sl.com\/#website"},"primaryImageOfPage":{"@id":"https:\/\/xinsheng888sl.com\/productos\/#primaryimage"},"image":{"@id":"https:\/\/xinsheng888sl.com\/productos\/#primaryimage"},"thumbnailUrl":"https:\/\/xinsheng888sl.com\/wp-content\/uploads\/2025\/10\/7978084-1024x665.jpg","datePublished":"2025-10-09T14:00:53+00:00","dateModified":"2025-10-09T16:22:31+00:00","breadcrumb":{"@id":"https:\/\/xinsheng888sl.com\/productos\/#breadcrumb"},"inLanguage":"en-GB","potentialAction":[{"@type":"ReadAction","target":["https:\/\/xinsheng888sl.com\/productos\/"]}]},{"@type":"ImageObject","inLanguage":"en-GB","@id":"https:\/\/xinsheng888sl.com\/productos\/#primaryimage","url":"https:\/\/xinsheng888sl.com\/wp-content\/uploads\/2025\/10\/7978084-1024x665.jpg","contentUrl":"https:\/\/xinsheng888sl.com\/wp-content\/uploads\/2025\/10\/7978084-1024x665.jpg"},{"@type":"BreadcrumbList","@id":"https:\/\/xinsheng888sl.com\/productos\/#breadcrumb","itemListElement":[{"@type":"ListItem","position":1,"name":"Portada","item":"https:\/\/xinsheng888sl.com\/"},{"@type":"ListItem","position":2,"name":"Productos"}]},{"@type":"WebSite","@id":"https:\/\/xinsheng888sl.com\/#website","url":"https:\/\/xinsheng888sl.com\/","name":"Xin Sheng Bazaar","description":"Bazar","publisher":{"@id":"https:\/\/xinsheng888sl.com\/#organization"},"potentialAction":[{"@type":"SearchAction","target":{"@type":"EntryPoint","urlTemplate":"https:\/\/xinsheng888sl.com\/?s={search_term_string}"},"query-input":{"@type":"PropertyValueSpecification","valueRequired":true,"valueName":"search_term_string"}}],"inLanguage":"en-GB"},{"@type":"Organization","@id":"https:\/\/xinsheng888sl.com\/#organization","name":"Xin Sheng Bazaar","url":"https:\/\/xinsheng888sl.com\/","logo":{"@type":"ImageObject","inLanguage":"en-GB","@id":"https:\/\/xinsheng888sl.com\/#\/schema\/logo\/image\/","url":"https:\/\/xinsheng888sl.com\/wp-content\/uploads\/2025\/10\/cropped-xinshengbazar202509_logoarriba.jpg","contentUrl":"https:\/\/xinsheng888sl.com\/wp-content\/uploads\/2025\/10\/cropped-xinshengbazar202509_logoarriba.jpg","width":290,"height":176,"caption":"Xin Sheng Bazar"},"image":{"@id":"https:\/\/xinsheng888sl.com\/#\/schema\/logo\/image\/"}}]}},"_links":{"self":[{"href":"https:\/\/xinsheng888sl.com\/en\/wp-json\/wp\/v2\/pages\/14","targetHints":{"allow":["GET"]}}],"collection":[{"href":"https:\/\/xinsheng888sl.com\/en\/wp-json\/wp\/v2\/pages"}],"about":[{"href":"https:\/\/xinsheng888sl.com\/en\/wp-json\/wp\/v2\/types\/page"}],"author":[{"embeddable":true,"href":"https:\/\/xinsheng888sl.com\/en\/wp-json\/wp\/v2\/users\/1"}],"replies":[{"embeddable":true,"href":"https:\/\/xinsheng888sl.com\/en\/wp-json\/wp\/v2\/comments?post=14"}],"version-history":[{"count":34,"href":"https:\/\/xinsheng888sl.com\/en\/wp-json\/wp\/v2\/pages\/14\/revisions"}],"predecessor-version":[{"id":187,"href":"https:\/\/xinsheng888sl.com\/en\/wp-json\/wp\/v2\/pages\/14\/revisions\/187"}],"wp:attachment":[{"href":"https:\/\/xinsheng888sl.com\/en\/wp-json\/wp\/v2\/media?parent=14"}],"curies":[{"name":"wp","href":"https:\/\/api.w.org\/{rel}","templated":true}]}}