{"id":11,"date":"2025-10-09T13:54:27","date_gmt":"2025-10-09T13:54:27","guid":{"rendered":"https:\/\/xinsheng888sl.rkinformatika.online\/?page_id=11"},"modified":"2025-10-09T16:22:14","modified_gmt":"2025-10-09T16:22:14","slug":"inicio","status":"publish","type":"page","link":"https:\/\/xinsheng888sl.com\/en\/","title":{"rendered":"Home"},"content":{"rendered":"<div data-elementor-type=\"wp-page\" data-elementor-id=\"11\" class=\"elementor elementor-11\" data-elementor-post-type=\"page\">\n\t\t\t\t<div class=\"elementor-element elementor-element-6af059f e-con-full e-flex e-con e-parent\" data-id=\"6af059f\" data-element_type=\"container\" data-e-type=\"container\" data-settings=\"{&quot;background_background&quot;:&quot;classic&quot;}\">\n\t\t<div class=\"elementor-element elementor-element-3581f32 e-con-full e-flex e-con e-child\" data-id=\"3581f32\" data-element_type=\"container\" data-e-type=\"container\">\n\t\t\t\t<div class=\"elementor-element elementor-element-72408e5 elementor-invisible elementor-widget elementor-widget-heading\" data-id=\"72408e5\" data-element_type=\"widget\" data-e-type=\"widget\" data-settings=\"{&quot;_animation&quot;:&quot;fadeInRight&quot;}\" data-widget_type=\"heading.default\">\n\t\t\t\t\t<h2 class=\"elementor-heading-title elementor-size-default\">Xin Sheng Bazaar<\/h2>\t\t\t\t<\/div>\n\t\t\t\t<\/div>\n\t\t\t\t<\/div>\n\t\t<div class=\"elementor-element elementor-element-235fc12 e-flex e-con-boxed e-con e-parent\" data-id=\"235fc12\" data-element_type=\"container\" data-e-type=\"container\" data-settings=\"{&quot;background_background&quot;:&quot;classic&quot;}\">\n\t\t\t\t\t<div class=\"e-con-inner\">\n\t\t<div class=\"elementor-element elementor-element-d795e60 e-con-full e-flex e-con e-child\" data-id=\"d795e60\" data-element_type=\"container\" data-e-type=\"container\">\n\t\t\t\t<div class=\"elementor-element elementor-element-5d0cbf5 elementor-widget elementor-widget-image\" data-id=\"5d0cbf5\" data-element_type=\"widget\" data-e-type=\"widget\" data-widget_type=\"image.default\">\n\t\t\t\t\t\t\t\t\t\t\t\t\t\t\t<img fetchpriority=\"high\" decoding=\"async\" width=\"800\" height=\"534\" src=\"https:\/\/xinsheng888sl.com\/wp-content\/uploads\/2025\/10\/11389-1024x683.jpg\" class=\"attachment-large size-large wp-image-130\" alt=\"\" srcset=\"https:\/\/xinsheng888sl.com\/wp-content\/uploads\/2025\/10\/11389-1024x683.jpg 1024w, https:\/\/xinsheng888sl.com\/wp-content\/uploads\/2025\/10\/11389-300x200.jpg 300w, https:\/\/xinsheng888sl.com\/wp-content\/uploads\/2025\/10\/11389-768x512.jpg 768w, https:\/\/xinsheng888sl.com\/wp-content\/uploads\/2025\/10\/11389-18x12.jpg 18w, https:\/\/xinsheng888sl.com\/wp-content\/uploads\/2025\/10\/11389.jpg 1500w\" sizes=\"(max-width: 800px) 100vw, 800px\" \/>\t\t\t\t\t\t\t\t\t\t\t\t\t\t\t<\/div>\n\t\t\t\t<\/div>\n\t\t<div class=\"elementor-element elementor-element-d4eddcb e-con-full e-flex e-con e-child\" data-id=\"d4eddcb\" data-element_type=\"container\" data-e-type=\"container\">\n\t\t\t\t<div class=\"elementor-element elementor-element-c48ef49 elementor-widget elementor-widget-heading\" data-id=\"c48ef49\" data-element_type=\"widget\" data-e-type=\"widget\" data-widget_type=\"heading.default\">\n\t\t\t\t\t<h2 class=\"elementor-heading-title elementor-size-default\">About us<\/h2>\t\t\t\t<\/div>\n\t\t\t\t<div class=\"elementor-element elementor-element-1df7241 elementor-widget elementor-widget-text-editor\" data-id=\"1df7241\" data-element_type=\"widget\" data-e-type=\"widget\" data-widget_type=\"text-editor.default\">\n\t\t\t\t\t\t\t\t\t<p data-start=\"226\" data-end=\"524\">At Xin Sheng Bazar, we work every day to offer our customers a unique shopping experience: friendly, practical, and full of variety. We specialize in useful products for home, work, and everyday life, combining quality, affordable prices, and personalized service.<\/p><p data-start=\"526\" data-end=\"842\">Over time, we've established ourselves as a trusted store where our customers can find everything they need in one place. Our commitment is to always provide the best service, functional products, and friendly service, because we believe that the small details make all the difference.<\/p>\t\t\t\t\t\t\t\t<\/div>\n\t\t\t\t<\/div>\n\t\t\t\t\t<\/div>\n\t\t\t\t<\/div>\n\t\t<div class=\"elementor-element elementor-element-6f7c22d e-con-full e-flex e-con e-parent\" data-id=\"6f7c22d\" data-element_type=\"container\" data-e-type=\"container\" data-settings=\"{&quot;background_background&quot;:&quot;classic&quot;}\">\n\t\t\t\t<div class=\"elementor-element elementor-element-97bd342 elementor-cta--skin-cover elementor-animated-content elementor-bg-transform elementor-bg-transform-zoom-in elementor-widget elementor-widget-call-to-action\" data-id=\"97bd342\" data-element_type=\"widget\" data-e-type=\"widget\" data-widget_type=\"call-to-action.default\">\n\t\t\t\t\t\t\t<div class=\"elementor-cta\">\n\t\t\t\t\t<div class=\"elementor-cta__bg-wrapper\">\n\t\t\t\t<div class=\"elementor-cta__bg elementor-bg\" style=\"background-image: url(https:\/\/xinsheng888sl.com\/wp-content\/uploads\/2025\/10\/17941649-1024x683.jpg);\" role=\"img\" aria-label=\"17941649\"><\/div>\n\t\t\t\t<div class=\"elementor-cta__bg-overlay\"><\/div>\n\t\t\t<\/div>\n\t\t\t\t\t\t\t<div class=\"elementor-cta__content\">\n\t\t\t\t\n\t\t\t\t\t\t\t\t\t<h2 class=\"elementor-cta__title elementor-cta__content-item elementor-content-item elementor-animated-item--grow\">\n\t\t\t\t\t\tVariety, quality and good prices\t\t\t\t\t<\/h2>\n\t\t\t\t\n\t\t\t\t\t\t\t\t\t<div class=\"elementor-cta__description elementor-cta__content-item elementor-content-item elementor-animated-item--grow\">\n\t\t\t\t\t\tYour trusted bazaar, with new items every day.\t\t\t\t\t<\/div>\n\t\t\t\t\n\t\t\t\t\t\t\t\t\t<div class=\"elementor-cta__button-wrapper elementor-cta__content-item elementor-content-item elementor-animated-item--grow\">\n\t\t\t\t\t<a class=\"elementor-cta__button elementor-button elementor-size-\" href=\"https:\/\/xinsheng888sl.com\/en\/productos\/\">\n\t\t\t\t\t\tProducts\t\t\t\t\t<\/a>\n\t\t\t\t\t<\/div>\n\t\t\t\t\t\t\t<\/div>\n\t\t\t\t\t\t<\/div>\n\t\t\t\t\t\t<\/div>\n\t\t\t\t<\/div>\n\t\t\t\t<\/div>","protected":false},"excerpt":{"rendered":"<p>Xin Sheng Bazar Sobre nosotros En Xin Sheng Bazar, trabajamos cada d\u00eda para ofrecer a nuestros clientes una experiencia de compra diferente: cercana, pr\u00e1ctica y llena de variedad. Nos especializamos en productos \u00fatiles para el hogar, el trabajo y la vida diaria, combinando calidad, buenos precios y atenci\u00f3n personalizada. A lo largo del tiempo, nos [&hellip;]<\/p>\n","protected":false},"author":1,"featured_media":0,"parent":0,"menu_order":0,"comment_status":"closed","ping_status":"closed","template":"elementor_canvas","meta":{"footnotes":""},"class_list":["post-11","page","type-page","status-publish","hentry"],"yoast_head":"<!-- This site is optimized with the Yoast SEO plugin v27.3 - https:\/\/yoast.com\/product\/yoast-seo-wordpress\/ -->\n<title>Inicio - Xin Sheng Bazar<\/title>\n<meta name=\"robots\" content=\"index, follow, max-snippet:-1, max-image-preview:large, max-video-preview:-1\" \/>\n<link rel=\"canonical\" href=\"https:\/\/xinsheng888sl.com\/en\/\" \/>\n<meta property=\"og:locale\" content=\"en_GB\" \/>\n<meta property=\"og:type\" content=\"article\" \/>\n<meta property=\"og:title\" content=\"Inicio - Xin Sheng Bazar\" \/>\n<meta property=\"og:description\" content=\"Xin Sheng Bazar Sobre nosotros En Xin Sheng Bazar, trabajamos cada d\u00eda para ofrecer a nuestros clientes una experiencia de compra diferente: cercana, pr\u00e1ctica y llena de variedad. Nos especializamos en productos \u00fatiles para el hogar, el trabajo y la vida diaria, combinando calidad, buenos precios y atenci\u00f3n personalizada. A lo largo del tiempo, nos [&hellip;]\" \/>\n<meta property=\"og:url\" content=\"https:\/\/xinsheng888sl.com\/en\/\" \/>\n<meta property=\"og:site_name\" content=\"Xin Sheng Bazar\" \/>\n<meta property=\"article:modified_time\" content=\"2025-10-09T16:22:14+00:00\" \/>\n<meta property=\"og:image\" content=\"https:\/\/xinsheng888sl.com\/wp-content\/uploads\/2025\/10\/11389-1024x683.jpg\" \/>\n<meta name=\"twitter:card\" content=\"summary_large_image\" \/>\n<meta name=\"twitter:label1\" content=\"Estimated reading time\" \/>\n\t<meta name=\"twitter:data1\" content=\"1 minute\" \/>\n<script type=\"application\/ld+json\" class=\"yoast-schema-graph\">{\"@context\":\"https:\\\/\\\/schema.org\",\"@graph\":[{\"@type\":\"WebPage\",\"@id\":\"https:\\\/\\\/xinsheng888sl.com\\\/\",\"url\":\"https:\\\/\\\/xinsheng888sl.com\\\/\",\"name\":\"Inicio - Xin Sheng Bazar\",\"isPartOf\":{\"@id\":\"https:\\\/\\\/xinsheng888sl.com\\\/#website\"},\"primaryImageOfPage\":{\"@id\":\"https:\\\/\\\/xinsheng888sl.com\\\/#primaryimage\"},\"image\":{\"@id\":\"https:\\\/\\\/xinsheng888sl.com\\\/#primaryimage\"},\"thumbnailUrl\":\"https:\\\/\\\/xinsheng888sl.com\\\/wp-content\\\/uploads\\\/2025\\\/10\\\/11389-1024x683.jpg\",\"datePublished\":\"2025-10-09T13:54:27+00:00\",\"dateModified\":\"2025-10-09T16:22:14+00:00\",\"breadcrumb\":{\"@id\":\"https:\\\/\\\/xinsheng888sl.com\\\/#breadcrumb\"},\"inLanguage\":\"en-GB\",\"potentialAction\":[{\"@type\":\"ReadAction\",\"target\":[\"https:\\\/\\\/xinsheng888sl.com\\\/\"]}]},{\"@type\":\"ImageObject\",\"inLanguage\":\"en-GB\",\"@id\":\"https:\\\/\\\/xinsheng888sl.com\\\/#primaryimage\",\"url\":\"https:\\\/\\\/xinsheng888sl.com\\\/wp-content\\\/uploads\\\/2025\\\/10\\\/11389-1024x683.jpg\",\"contentUrl\":\"https:\\\/\\\/xinsheng888sl.com\\\/wp-content\\\/uploads\\\/2025\\\/10\\\/11389-1024x683.jpg\"},{\"@type\":\"BreadcrumbList\",\"@id\":\"https:\\\/\\\/xinsheng888sl.com\\\/#breadcrumb\",\"itemListElement\":[{\"@type\":\"ListItem\",\"position\":1,\"name\":\"Portada\",\"item\":\"https:\\\/\\\/xinsheng888sl.com\\\/\"},{\"@type\":\"ListItem\",\"position\":2,\"name\":\"Inicio\"}]},{\"@type\":\"WebSite\",\"@id\":\"https:\\\/\\\/xinsheng888sl.com\\\/#website\",\"url\":\"https:\\\/\\\/xinsheng888sl.com\\\/\",\"name\":\"Xin Sheng Bazar\",\"description\":\"Bazar\",\"publisher\":{\"@id\":\"https:\\\/\\\/xinsheng888sl.com\\\/#organization\"},\"potentialAction\":[{\"@type\":\"SearchAction\",\"target\":{\"@type\":\"EntryPoint\",\"urlTemplate\":\"https:\\\/\\\/xinsheng888sl.com\\\/?s={search_term_string}\"},\"query-input\":{\"@type\":\"PropertyValueSpecification\",\"valueRequired\":true,\"valueName\":\"search_term_string\"}}],\"inLanguage\":\"en-GB\"},{\"@type\":\"Organization\",\"@id\":\"https:\\\/\\\/xinsheng888sl.com\\\/#organization\",\"name\":\"Xin Sheng Bazar\",\"url\":\"https:\\\/\\\/xinsheng888sl.com\\\/\",\"logo\":{\"@type\":\"ImageObject\",\"inLanguage\":\"en-GB\",\"@id\":\"https:\\\/\\\/xinsheng888sl.com\\\/#\\\/schema\\\/logo\\\/image\\\/\",\"url\":\"https:\\\/\\\/xinsheng888sl.com\\\/wp-content\\\/uploads\\\/2025\\\/10\\\/cropped-xinshengbazar202509_logoarriba.jpg\",\"contentUrl\":\"https:\\\/\\\/xinsheng888sl.com\\\/wp-content\\\/uploads\\\/2025\\\/10\\\/cropped-xinshengbazar202509_logoarriba.jpg\",\"width\":290,\"height\":176,\"caption\":\"Xin Sheng Bazar\"},\"image\":{\"@id\":\"https:\\\/\\\/xinsheng888sl.com\\\/#\\\/schema\\\/logo\\\/image\\\/\"}}]}<\/script>\n<!-- \/ Yoast SEO plugin. -->","yoast_head_json":{"title":"Inicio - Xin Sheng Bazar","robots":{"index":"index","follow":"follow","max-snippet":"max-snippet:-1","max-image-preview":"max-image-preview:large","max-video-preview":"max-video-preview:-1"},"canonical":"https:\/\/xinsheng888sl.com\/en\/","og_locale":"en_GB","og_type":"article","og_title":"Inicio - Xin Sheng Bazar","og_description":"Xin Sheng Bazar Sobre nosotros En Xin Sheng Bazar, trabajamos cada d\u00eda para ofrecer a nuestros clientes una experiencia de compra diferente: cercana, pr\u00e1ctica y llena de variedad. Nos especializamos en productos \u00fatiles para el hogar, el trabajo y la vida diaria, combinando calidad, buenos precios y atenci\u00f3n personalizada. A lo largo del tiempo, nos [&hellip;]","og_url":"https:\/\/xinsheng888sl.com\/en\/","og_site_name":"Xin Sheng Bazar","article_modified_time":"2025-10-09T16:22:14+00:00","og_image":[{"url":"https:\/\/xinsheng888sl.com\/wp-content\/uploads\/2025\/10\/11389-1024x683.jpg","type":"","width":"","height":""}],"twitter_card":"summary_large_image","twitter_misc":{"Estimated reading time":"1 minute"},"schema":{"@context":"https:\/\/schema.org","@graph":[{"@type":"WebPage","@id":"https:\/\/xinsheng888sl.com\/","url":"https:\/\/xinsheng888sl.com\/","name":"Inicio - Xin Sheng Bazar","isPartOf":{"@id":"https:\/\/xinsheng888sl.com\/#website"},"primaryImageOfPage":{"@id":"https:\/\/xinsheng888sl.com\/#primaryimage"},"image":{"@id":"https:\/\/xinsheng888sl.com\/#primaryimage"},"thumbnailUrl":"https:\/\/xinsheng888sl.com\/wp-content\/uploads\/2025\/10\/11389-1024x683.jpg","datePublished":"2025-10-09T13:54:27+00:00","dateModified":"2025-10-09T16:22:14+00:00","breadcrumb":{"@id":"https:\/\/xinsheng888sl.com\/#breadcrumb"},"inLanguage":"en-GB","potentialAction":[{"@type":"ReadAction","target":["https:\/\/xinsheng888sl.com\/"]}]},{"@type":"ImageObject","inLanguage":"en-GB","@id":"https:\/\/xinsheng888sl.com\/#primaryimage","url":"https:\/\/xinsheng888sl.com\/wp-content\/uploads\/2025\/10\/11389-1024x683.jpg","contentUrl":"https:\/\/xinsheng888sl.com\/wp-content\/uploads\/2025\/10\/11389-1024x683.jpg"},{"@type":"BreadcrumbList","@id":"https:\/\/xinsheng888sl.com\/#breadcrumb","itemListElement":[{"@type":"ListItem","position":1,"name":"Portada","item":"https:\/\/xinsheng888sl.com\/"},{"@type":"ListItem","position":2,"name":"Inicio"}]},{"@type":"WebSite","@id":"https:\/\/xinsheng888sl.com\/#website","url":"https:\/\/xinsheng888sl.com\/","name":"Xin Sheng Bazaar","description":"Bazar","publisher":{"@id":"https:\/\/xinsheng888sl.com\/#organization"},"potentialAction":[{"@type":"SearchAction","target":{"@type":"EntryPoint","urlTemplate":"https:\/\/xinsheng888sl.com\/?s={search_term_string}"},"query-input":{"@type":"PropertyValueSpecification","valueRequired":true,"valueName":"search_term_string"}}],"inLanguage":"en-GB"},{"@type":"Organization","@id":"https:\/\/xinsheng888sl.com\/#organization","name":"Xin Sheng Bazaar","url":"https:\/\/xinsheng888sl.com\/","logo":{"@type":"ImageObject","inLanguage":"en-GB","@id":"https:\/\/xinsheng888sl.com\/#\/schema\/logo\/image\/","url":"https:\/\/xinsheng888sl.com\/wp-content\/uploads\/2025\/10\/cropped-xinshengbazar202509_logoarriba.jpg","contentUrl":"https:\/\/xinsheng888sl.com\/wp-content\/uploads\/2025\/10\/cropped-xinshengbazar202509_logoarriba.jpg","width":290,"height":176,"caption":"Xin Sheng Bazar"},"image":{"@id":"https:\/\/xinsheng888sl.com\/#\/schema\/logo\/image\/"}}]}},"_links":{"self":[{"href":"https:\/\/xinsheng888sl.com\/en\/wp-json\/wp\/v2\/pages\/11","targetHints":{"allow":["GET"]}}],"collection":[{"href":"https:\/\/xinsheng888sl.com\/en\/wp-json\/wp\/v2\/pages"}],"about":[{"href":"https:\/\/xinsheng888sl.com\/en\/wp-json\/wp\/v2\/types\/page"}],"author":[{"embeddable":true,"href":"https:\/\/xinsheng888sl.com\/en\/wp-json\/wp\/v2\/users\/1"}],"replies":[{"embeddable":true,"href":"https:\/\/xinsheng888sl.com\/en\/wp-json\/wp\/v2\/comments?post=11"}],"version-history":[{"count":28,"href":"https:\/\/xinsheng888sl.com\/en\/wp-json\/wp\/v2\/pages\/11\/revisions"}],"predecessor-version":[{"id":184,"href":"https:\/\/xinsheng888sl.com\/en\/wp-json\/wp\/v2\/pages\/11\/revisions\/184"}],"wp:attachment":[{"href":"https:\/\/xinsheng888sl.com\/en\/wp-json\/wp\/v2\/media?parent=11"}],"curies":[{"name":"wp","href":"https:\/\/api.w.org\/{rel}","templated":true}]}}